{"id":288,"date":"2023-02-10T12:35:11","date_gmt":"2023-02-10T11:35:11","guid":{"rendered":"http:\/\/tomapartners.cz\/?page_id=288"},"modified":"2023-02-26T22:22:17","modified_gmt":"2023-02-26T21:22:17","slug":"loketni-proteza","status":"publish","type":"page","link":"https:\/\/tomapartners.cz\/index.php\/loketni-proteza\/","title":{"rendered":"Loketn\u00ed prot\u00e9za"},"content":{"rendered":"\n<div style=\"height:100px\" aria-hidden=\"true\" class=\"wp-block-spacer\"><\/div>\n\n\n\n<h2 id=\"gspb_heading-id-gsbp-3bc41dd6-2c75\" class=\"gspb_heading gspb_heading-id-gsbp-3bc41dd6-2c75 \">Loketn\u00ed prot\u00e9za<\/h2>\n\n\n\n<div id=\"gspb_text-id-gsbp-8cd64d2f-14db\" class=\"gspb_text gspb_text-id-gsbp-8cd64d2f-14db animated fadeIn delay-200ms slower\"><span class=\"gspb_heading_highlight gspb-inview-active\">Pokud je loket vystavov\u00e1n dlouhodob\u00e9mu p\u0159et\u00ed\u017een\u00ed\u00a0a z\u00e1rove\u0148 je na n\u011bj kladen velk\u00fd tlak, m\u016f\u017ee to v\u00e9st a\u017e k po\u0161kozen\u00ed struktur chrupavek a povrchu kost\u00ed<\/span><\/div>\n\n\n\n<div id=\"gspb_image-id-gsbp-0d5b2741-2c3d\" class=\"gspb_image gspb_image-id-gsbp-0d5b2741-2c3d wp-block-greenshift-blocks-image animated fadeIn delay-200ms slower\"><img loading=\"lazy\" decoding=\"async\" src=\"https:\/\/tomapartners.cz\/wp-content\/uploads\/2023\/02\/loket-3.png\" data-src=\"\" alt=\"\" width=\"503\" height=\"2816\"\/><\/div>\n\n\n\n<div style=\"height:65px\" aria-hidden=\"true\" class=\"wp-block-spacer\"><\/div>\n\n\n\n<div id=\"gspb_text-id-gsbp-b0e74e17-1113\" class=\"gspb_text gspb_text-id-gsbp-b0e74e17-1113 animated fadeIn delay-200ms slower\"><span class=\"gspb_heading_highlight gspb-inview-active\">Loketn\u00ed syst\u00e9my prokazuj\u00ed d\u016fkladn\u00e9 pochopen\u00ed komplexn\u00ed povahy fyziologie a biomechaniky lokte. Na\u0161\u00edm c\u00edlem je pln\u011b doplnit znalosti a odbornost p\u0159i l\u00e9\u010db\u011b pacient\u016f s \u017eivotn\u011b d\u016fle\u017eit\u00fdmi onemocn\u011bn\u00edmi lokte. Spojen\u00edm klinick\u00e9 historie s pokrokov\u00fdmi technologiemi a konstrukcemi udr\u017eujeme krok s dne\u0161n\u00edmi i budouc\u00edmi po\u017eadavky.<\/span><\/div>\n\n\n\n<div style=\"height:100px\" aria-hidden=\"true\" class=\"wp-block-spacer\"><\/div>\n","protected":false},"excerpt":{"rendered":"","protected":false},"author":1,"featured_media":0,"parent":0,"menu_order":0,"comment_status":"closed","ping_status":"closed","template":"","meta":{"_gspb_post_css":".gspb_text-id-gsbp-8cd64d2f-14db,.gspb_text-id-gsbp-8cd64d2f-14db .wp-block{font-family:firasans,sans-serif;font-size:clamp(1.2rem,1.3vw,1.8rem);line-height:clamp(2rem,2.1vw,2.5rem)}.gspb_text-id-gsbp-8cd64d2f-14db,.gspb_text-id-gsbp-8cd64d2f-14db .gsap-g-line,.gspb_text-id-gsbp-8cd64d2f-14db .wp-block{text-align:left!important}.gspb_text-id-gsbp-8cd64d2f-14db,.gspb_text-id-gsbp-8cd64d2f-14db .wp-block{color:#191b43}.gspb_text-id-gsbp-8cd64d2f-14db:hover,.gspb_text-id-gsbp-8cd64d2f-14db:hover .wp-block{color:var(--nv-text-color)}.gspb_text-id-gsbp-8cd64d2f-14db{box-shadow:0 5px 20px 0 rgba(0,0,0,.03)}.gspb_text-id-gsbp-8cd64d2f-14db:hover{box-shadow:0 15px 25px 0 rgba(0,0,0,.1)}.gspb_text-id-gsbp-8cd64d2f-14db .gspb_heading_highlight{display:inline;background-repeat:no-repeat;background-image:linear-gradient(undefined 0%,undefined 100%);transition:background-size .9s;background-size:0 100%;text-decoration:none;padding:0;background-position:0 85%}.gspb_text-id-gsbp-8cd64d2f-14db .gspb_heading_highlight.gspb-inview-active{background-size:100% 100%}#gspb_image-id-gsbp-0d5b2741-2c3d{text-align:center;height:auto}#gspb_image-id-gsbp-0d5b2741-2c3d img{vertical-align:top;display:inline-block;width:503px;height:auto}.gspb_text-id-gsbp-b0e74e17-1113,.gspb_text-id-gsbp-b0e74e17-1113 .wp-block{font-family:firasans,sans-serif;font-size:clamp(1.2rem,1.3vw,1.8rem);line-height:clamp(2rem,2.1vw,2.5rem)}.gspb_text-id-gsbp-b0e74e17-1113,.gspb_text-id-gsbp-b0e74e17-1113 .gsap-g-line,.gspb_text-id-gsbp-b0e74e17-1113 .wp-block{text-align:left!important}.gspb_text-id-gsbp-b0e74e17-1113,.gspb_text-id-gsbp-b0e74e17-1113 .wp-block{color:#191b43}.gspb_text-id-gsbp-b0e74e17-1113:hover,.gspb_text-id-gsbp-b0e74e17-1113:hover .wp-block{color:var(--nv-text-color)}.gspb_text-id-gsbp-b0e74e17-1113{box-shadow:0 5px 20px 0 rgba(0,0,0,.03)}.gspb_text-id-gsbp-b0e74e17-1113:hover{box-shadow:0 15px 25px 0 rgba(0,0,0,.1)}.gspb_text-id-gsbp-b0e74e17-1113 .gspb_heading_highlight{display:inline;background-repeat:no-repeat;background-image:linear-gradient(undefined 0%,undefined 100%);transition:background-size .9s;background-size:0 100%;text-decoration:none;padding:0;background-position:0 85%}.gspb_text-id-gsbp-b0e74e17-1113 .gspb_heading_highlight.gspb-inview-active{background-size:100% 100%}","neve_meta_sidebar":"","neve_meta_container":"","neve_meta_enable_content_width":"","neve_meta_content_width":0,"neve_meta_title_alignment":"","neve_meta_author_avatar":"","neve_post_elements_order":"","neve_meta_disable_header":"on","neve_meta_disable_footer":"on","neve_meta_disable_title":"on","footnotes":""},"class_list":["post-288","page","type-page","status-publish","hentry"],"_links":{"self":[{"href":"https:\/\/tomapartners.cz\/index.php\/wp-json\/wp\/v2\/pages\/288","targetHints":{"allow":["GET"]}}],"collection":[{"href":"https:\/\/tomapartners.cz\/index.php\/wp-json\/wp\/v2\/pages"}],"about":[{"href":"https:\/\/tomapartners.cz\/index.php\/wp-json\/wp\/v2\/types\/page"}],"author":[{"embeddable":true,"href":"https:\/\/tomapartners.cz\/index.php\/wp-json\/wp\/v2\/users\/1"}],"replies":[{"embeddable":true,"href":"https:\/\/tomapartners.cz\/index.php\/wp-json\/wp\/v2\/comments?post=288"}],"version-history":[{"count":2,"href":"https:\/\/tomapartners.cz\/index.php\/wp-json\/wp\/v2\/pages\/288\/revisions"}],"predecessor-version":[{"id":356,"href":"https:\/\/tomapartners.cz\/index.php\/wp-json\/wp\/v2\/pages\/288\/revisions\/356"}],"wp:attachment":[{"href":"https:\/\/tomapartners.cz\/index.php\/wp-json\/wp\/v2\/media?parent=288"}],"curies":[{"name":"wp","href":"https:\/\/api.w.org\/{rel}","templated":true}]}}