{"id":51,"date":"2023-02-09T13:39:33","date_gmt":"2023-02-09T12:39:33","guid":{"rendered":"http:\/\/tomapartners.cz\/?page_id=51"},"modified":"2023-02-26T22:23:12","modified_gmt":"2023-02-26T21:23:12","slug":"rameno-shoulder","status":"publish","type":"page","link":"https:\/\/tomapartners.cz\/index.php\/rameno-shoulder\/","title":{"rendered":"Rameno"},"content":{"rendered":"\n<div style=\"height:100px\" aria-hidden=\"true\" class=\"wp-block-spacer\"><\/div>\n\n\n\n<h2 id=\"gspb_heading-id-gsbp-3bc41dd6-2c75\" class=\"gspb_heading gspb_heading-id-gsbp-3bc41dd6-2c75 \">Ramenn\u00ed syst\u00e9m<\/h2>\n\n\n\n<div id=\"gspb_text-id-gsbp-8cd64d2f-14db\" class=\"gspb_text gspb_text-id-gsbp-8cd64d2f-14db animated fadeIn delay-200ms slower\"><span class=\"gspb_heading_highlight gspb-inview-active\">V\u00a0p\u0159\u00edpadech t\u011b\u017ek\u00e9ho po\u0161kozen\u00ed chrupavky ramenn\u00edho kloubu \u2013 artr\u00f3zy, kdy ji\u017e nen\u00ed jin\u00e1 mo\u017enost \u0159e\u0161en\u00ed. <\/span><\/div>\n\n\n\n<div id=\"gspb_image-id-gsbp-0d5b2741-2c3d\" class=\"gspb_image gspb_image-id-gsbp-0d5b2741-2c3d wp-block-greenshift-blocks-image animated fadeIn delay-200ms slower\"><img loading=\"lazy\" decoding=\"async\" src=\"https:\/\/tomapartners.cz\/wp-content\/uploads\/2023\/02\/image001-removebg.png\" data-src=\"\" alt=\"Kolenni_nahrada\" width=\"745\" height=\"2816\"\/><\/div>\n\n\n\n<div style=\"height:65px\" aria-hidden=\"true\" class=\"wp-block-spacer\"><\/div>\n\n\n\n<div id=\"gspb_text-id-gsbp-b0e74e17-1113\" class=\"gspb_text gspb_text-id-gsbp-b0e74e17-1113 animated fadeIn delay-200ms slower\"><span class=\"gspb_heading_highlight gspb-inview-active\">V\u0161echny ramenn\u00ed syst\u00e9my jsou nejen optimalizov\u00e1ny pro velikost jedine\u010dn\u00e9 anatomie ka\u017ed\u00e9ho pacienta, ale tak\u00e9 \u0159e\u0161\u00ed kl\u00ed\u010dov\u00e9 pot\u0159eby chirurg\u016f, aby bylo mo\u017en\u00e9 obnovit rekonstrukci kloubu, rozsah pohybu a pomoci vr\u00e1tit pacienty k \u010dinnostem ka\u017edodenn\u00edho \u017eivota. Od anatomick\u00fdch ramenn\u00edch implant\u00e1t\u016f a\u017e po \u0161pi\u010dkov\u00e9 prot\u00e9zy pro ramenn\u00ed artroplastiku, pro n\u00e1hradu ramenn\u00edho kloubu umo\u017e\u0148uj\u00ed chirurg\u016fm precizn\u011b navrhnout a prov\u00e9st opera\u010dn\u00ed pl\u00e1n na m\u00edru pacientovi.<\/span><\/div>\n\n\n\n<div style=\"height:100px\" aria-hidden=\"true\" class=\"wp-block-spacer\"><\/div>\n","protected":false},"excerpt":{"rendered":"","protected":false},"author":1,"featured_media":0,"parent":0,"menu_order":0,"comment_status":"closed","ping_status":"closed","template":"","meta":{"_gspb_post_css":".gspb_text-id-gsbp-8cd64d2f-14db,.gspb_text-id-gsbp-8cd64d2f-14db .wp-block{font-family:firasans,sans-serif;font-size:clamp(1.2rem,1.3vw,1.8rem);line-height:clamp(2rem,2.1vw,2.5rem)}.gspb_text-id-gsbp-8cd64d2f-14db,.gspb_text-id-gsbp-8cd64d2f-14db .gsap-g-line,.gspb_text-id-gsbp-8cd64d2f-14db .wp-block{text-align:left!important}.gspb_text-id-gsbp-8cd64d2f-14db,.gspb_text-id-gsbp-8cd64d2f-14db .wp-block{color:#191b43}.gspb_text-id-gsbp-8cd64d2f-14db:hover,.gspb_text-id-gsbp-8cd64d2f-14db:hover .wp-block{color:var(--nv-text-color)}.gspb_text-id-gsbp-8cd64d2f-14db{box-shadow:0 5px 20px 0 rgba(0,0,0,.03)}.gspb_text-id-gsbp-8cd64d2f-14db:hover{box-shadow:0 15px 25px 0 rgba(0,0,0,.1)}.gspb_text-id-gsbp-8cd64d2f-14db .gspb_heading_highlight{display:inline;background-repeat:no-repeat;background-image:linear-gradient(undefined 0%,undefined 100%);transition:background-size .9s;background-size:0 100%;text-decoration:none;padding:0;background-position:0 85%}.gspb_text-id-gsbp-8cd64d2f-14db .gspb_heading_highlight.gspb-inview-active{background-size:100% 100%}#gspb_image-id-gsbp-0d5b2741-2c3d{text-align:center;height:auto}#gspb_image-id-gsbp-0d5b2741-2c3d img{vertical-align:top;display:inline-block;width:745px;height:auto}.gspb_text-id-gsbp-b0e74e17-1113,.gspb_text-id-gsbp-b0e74e17-1113 .wp-block{font-family:firasans,sans-serif;font-size:clamp(1.2rem,1.3vw,1.8rem);line-height:clamp(2rem,2.1vw,2.5rem)}.gspb_text-id-gsbp-b0e74e17-1113,.gspb_text-id-gsbp-b0e74e17-1113 .gsap-g-line,.gspb_text-id-gsbp-b0e74e17-1113 .wp-block{text-align:left!important}.gspb_text-id-gsbp-b0e74e17-1113,.gspb_text-id-gsbp-b0e74e17-1113 .wp-block{color:#191b43}.gspb_text-id-gsbp-b0e74e17-1113:hover,.gspb_text-id-gsbp-b0e74e17-1113:hover .wp-block{color:var(--nv-text-color)}.gspb_text-id-gsbp-b0e74e17-1113{box-shadow:0 5px 20px 0 rgba(0,0,0,.03)}.gspb_text-id-gsbp-b0e74e17-1113:hover{box-shadow:0 15px 25px 0 rgba(0,0,0,.1)}.gspb_text-id-gsbp-b0e74e17-1113 .gspb_heading_highlight{display:inline;background-repeat:no-repeat;background-image:linear-gradient(undefined 0%,undefined 100%);transition:background-size .9s;background-size:0 100%;text-decoration:none;padding:0;background-position:0 85%}.gspb_text-id-gsbp-b0e74e17-1113 .gspb_heading_highlight.gspb-inview-active{background-size:100% 100%}","neve_meta_sidebar":"","neve_meta_container":"","neve_meta_enable_content_width":"","neve_meta_content_width":0,"neve_meta_title_alignment":"","neve_meta_author_avatar":"","neve_post_elements_order":"","neve_meta_disable_header":"on","neve_meta_disable_footer":"on","neve_meta_disable_title":"on","footnotes":""},"class_list":["post-51","page","type-page","status-publish","hentry"],"_links":{"self":[{"href":"https:\/\/tomapartners.cz\/index.php\/wp-json\/wp\/v2\/pages\/51","targetHints":{"allow":["GET"]}}],"collection":[{"href":"https:\/\/tomapartners.cz\/index.php\/wp-json\/wp\/v2\/pages"}],"about":[{"href":"https:\/\/tomapartners.cz\/index.php\/wp-json\/wp\/v2\/types\/page"}],"author":[{"embeddable":true,"href":"https:\/\/tomapartners.cz\/index.php\/wp-json\/wp\/v2\/users\/1"}],"replies":[{"embeddable":true,"href":"https:\/\/tomapartners.cz\/index.php\/wp-json\/wp\/v2\/comments?post=51"}],"version-history":[{"count":6,"href":"https:\/\/tomapartners.cz\/index.php\/wp-json\/wp\/v2\/pages\/51\/revisions"}],"predecessor-version":[{"id":357,"href":"https:\/\/tomapartners.cz\/index.php\/wp-json\/wp\/v2\/pages\/51\/revisions\/357"}],"wp:attachment":[{"href":"https:\/\/tomapartners.cz\/index.php\/wp-json\/wp\/v2\/media?parent=51"}],"curies":[{"name":"wp","href":"https:\/\/api.w.org\/{rel}","templated":true}]}}